{"id":12475,"date":"2021-10-18T15:01:23","date_gmt":"2021-10-18T13:01:23","guid":{"rendered":"https:\/\/www.smartrace.de\/?page_id=12475"},"modified":"2021-10-18T15:01:25","modified_gmt":"2021-10-18T13:01:25","slug":"download","status":"publish","type":"page","link":"https:\/\/www.smartrace.de\/en\/connect\/download\/","title":{"rendered":"Download SmartRace Connect (EN)"},"content":{"rendered":"<div class=\"gb-container gb-container-7d2f9bcc\"><div class=\"gb-inside-container\">\n\n<h1 class=\"gb-headline gb-headline-82d07f8a gb-headline-text\">Download<\/h1>\n\n\n\n<h1 class=\"gb-headline gb-headline-5f846429 gb-headline-text\">SmartRace Connect<\/h1>\n\n<\/div><div class=\"gb-shapes\"><div class=\"gb-shape gb-shape-1\"><svg xmlns=\"http:\/\/www.w3.org\/2000\/svg\" viewBox=\"0 0 1200 194.3\" preserveAspectRatio=\"none\"><path d=\"M1200 133.3l-50 8.9c-50 8.6-150 26.9-250 31.1-100 4.2-200-4.2-300-26.7S400 89.2 300 62.2C200 35.8 100 17.5 50 8.9L0 0v194.3h1200v-61z\"\/><\/svg><\/div><div class=\"gb-shape gb-shape-2\"><svg xmlns=\"http:\/\/www.w3.org\/2000\/svg\" viewBox=\"0 0 1200 194.3\" preserveAspectRatio=\"none\"><path d=\"M1200 133.3l-50 8.9c-50 8.6-150 26.9-250 31.1-100 4.2-200-4.2-300-26.7S400 89.2 300 62.2C200 35.8 100 17.5 50 8.9L0 0v194.3h1200v-61z\"\/><\/svg><\/div><\/div><\/div>\n\n\n<p class=\"gb-headline gb-headline-9d1b6434 gb-headline-text\">SmartRace jetzt f\u00fcr iOS, macOS oder Android herunterladen.<\/p>\n\n\n<div class=\"gb-container gb-container-cfe6abf7\"><div class=\"gb-inside-container\">\n\n<div class=\"wp-block-uagb-tabs uagb-block-2e5ff09b uagb-tabs__wrap uagb-tabs__hstyle4-desktop uagb-tabs__hstyle4-tablet uagb-tabs__hstyle4-mobile\" data-tab-active=\"0\"><ul class=\"uagb-tabs__panel uagb-tabs__align-center\"><li class=\"uagb-tab uagb-tabs__active\"><a href=\"#uagb-tabs__tab0\" class=\"uagb-tabs-list uagb-tabs__icon-position-top\" data-tab=\"0\"><span>iOS<\/span><\/a><\/li><li class=\"uagb-tab \"><a href=\"#uagb-tabs__tab1\" class=\"uagb-tabs-list uagb-tabs__icon-position-top\" data-tab=\"1\"><span>Android<\/span><\/a><\/li><\/ul><div class=\"uagb-tabs__body-wrap\">\n<div class=\"wp-block-uagb-tabs-child uagb-tabs__body-container uagb-tabs__inner-tab uagb-inner-tab-0\"><div class=\"uagb-blocks__4bd5a848 uagb-tabs__body\" aria-labelledby=\"uagb-tabs__tab0\"><div class=\"gb-container gb-container-2b4e9a71\"><div class=\"gb-inside-container\">\n\n<figure class=\"wp-block-image size-full is-resized\"><img decoding=\"async\" src=\"https:\/\/www.smartrace.de\/wp-content\/uploads\/2021\/08\/icon-app-store.png\" alt=\"\" class=\"wp-image-9737\" width=\"100\" height=\"100\" srcset=\"https:\/\/www.smartrace.de\/wp-content\/uploads\/2021\/08\/icon-app-store.png 240w, https:\/\/www.smartrace.de\/wp-content\/uploads\/2021\/08\/icon-app-store-150x150.png 150w\" sizes=\"(max-width: 100px) 100vw, 100px\" \/><\/figure>\n\n\n\n<p class=\"gb-headline gb-headline-d132a735 gb-headline-text\">SmartRace Connect for iOS is available in the App Store. You need <strong>iOS 11 or later<\/strong> to use SmartRace Connect on your iPhone or iPad.<\/p>\n\n\n<div class=\"gb-button-wrapper gb-button-wrapper-f0c21b3b\">\n\n<a class=\"gb-button gb-button-14a900e7 gb-button-smr-light-darkbg-medium\" href=\"https:\/\/apps.apple.com\/de\/app\/smartrace-connect\/id1261313793\" target=\"_blank\" rel=\"nofollow noopener noreferrer\"><span class=\"gb-icon\"><svg viewBox=\"0 0 640 512\" xmlns=\"http:\/\/www.w3.org\/2000\/svg\" class=\"svg-inline--fa fa-cloud-download fa-w-20\" aria-hidden=\"true\"><path d=\"M571.7 238.8c2.8-9.9 4.3-20.2 4.3-30.8 0-61.9-50.1-112-112-112-16.7 0-32.9 3.6-48 10.8-31.6-45-84.3-74.8-144-74.8-94.4 0-171.7 74.5-175.8 168.2C39.2 220.2 0 274.3 0 336c0 79.6 64.4 144 144 144h368c70.7 0 128-57.2 128-128 0-47-25.8-90.8-68.3-113.2zM512 448H144c-61.9 0-112-50.1-112-112 0-56.8 42.2-103.7 97-111-.7-5.6-1-11.3-1-17 0-79.5 64.5-144 144-144 60.3 0 111.9 37 133.4 89.6C420 137.9 440.8 128 464 128c44.2 0 80 35.8 80 80 0 18.5-6.3 35.6-16.9 49.2C573 264.4 608 304.1 608 352c0 53-43 96-96 96zM405.2 254.5c-4.7-4.7-12.3-4.7-17 0L320 322.7V172c0-6.6-5.4-12-12-12h-8c-6.6 0-12 5.4-12 12v150.7l-68.2-68.2c-4.7-4.7-12.3-4.7-17 0l-5.7 5.7c-4.7 4.7-4.7 12.3 0 17l98.3 98.3c4.7 4.7 12.3 4.7 17 0l98.3-98.3c4.7-4.7 4.7-12.3 0-17l-5.5-5.7z\" fill=\"currentColor\"><\/path><\/svg><\/span><span class=\"gb-button-text\">Download for iOS<\/span><\/a>\n\n<\/div>\n<\/div><\/div><\/div><\/div>\n\n\n\n<div class=\"wp-block-uagb-tabs-child uagb-tabs__body-container uagb-tabs__inner-tab uagb-inner-tab-1\"><div class=\"uagb-blocks__881a6d7e uagb-tabs__body\" aria-labelledby=\"uagb-tabs__tab1\"><div class=\"gb-container gb-container-a355c034\"><div class=\"gb-inside-container\">\n\n<div class=\"wp-block-image\"><figure class=\"aligncenter size-full is-resized\"><img decoding=\"async\" src=\"https:\/\/www.smartrace.de\/wp-content\/uploads\/2021\/08\/icon-play-store.png\" alt=\"\" class=\"wp-image-9754\" width=\"100\" height=\"100\" srcset=\"https:\/\/www.smartrace.de\/wp-content\/uploads\/2021\/08\/icon-play-store.png 240w, https:\/\/www.smartrace.de\/wp-content\/uploads\/2021\/08\/icon-play-store-150x150.png 150w\" sizes=\"(max-width: 100px) 100vw, 100px\" \/><\/figure><\/div>\n\n\n\n<p class=\"gb-headline gb-headline-3622ad02 gb-headline-text\">SmartRace Connect for Android is available via Google Play. You need <strong>Android 5.1 or later<\/strong> to use SmartRace Connect on your Android device.<\/p>\n\n\n<div class=\"gb-button-wrapper gb-button-wrapper-23c5c50a\">\n\n<a class=\"gb-button gb-button-e83feac4 gb-button-smr-light-darkbg-medium\" href=\"https:\/\/play.google.com\/store\/apps\/details?id=com.trademarc.smartraceconnect\" target=\"_blank\" rel=\"nofollow noopener noreferrer\"><span class=\"gb-icon\"><svg viewBox=\"0 0 640 512\" xmlns=\"http:\/\/www.w3.org\/2000\/svg\" class=\"svg-inline--fa fa-cloud-download fa-w-20\" aria-hidden=\"true\"><path d=\"M571.7 238.8c2.8-9.9 4.3-20.2 4.3-30.8 0-61.9-50.1-112-112-112-16.7 0-32.9 3.6-48 10.8-31.6-45-84.3-74.8-144-74.8-94.4 0-171.7 74.5-175.8 168.2C39.2 220.2 0 274.3 0 336c0 79.6 64.4 144 144 144h368c70.7 0 128-57.2 128-128 0-47-25.8-90.8-68.3-113.2zM512 448H144c-61.9 0-112-50.1-112-112 0-56.8 42.2-103.7 97-111-.7-5.6-1-11.3-1-17 0-79.5 64.5-144 144-144 60.3 0 111.9 37 133.4 89.6C420 137.9 440.8 128 464 128c44.2 0 80 35.8 80 80 0 18.5-6.3 35.6-16.9 49.2C573 264.4 608 304.1 608 352c0 53-43 96-96 96zM405.2 254.5c-4.7-4.7-12.3-4.7-17 0L320 322.7V172c0-6.6-5.4-12-12-12h-8c-6.6 0-12 5.4-12 12v150.7l-68.2-68.2c-4.7-4.7-12.3-4.7-17 0l-5.7 5.7c-4.7 4.7-4.7 12.3 0 17l98.3 98.3c4.7 4.7 12.3 4.7 17 0l98.3-98.3c4.7-4.7 4.7-12.3 0-17l-5.5-5.7z\" fill=\"currentColor\"><\/path><\/svg><\/span><span class=\"gb-button-text\">Download for Android<\/span><\/a>\n\n<\/div>\n<\/div><\/div><\/div><\/div>\n<\/div><\/div>\n\n\n<div class=\"gb-container gb-container-a3f13905\"><div class=\"gb-inside-container\"><\/div><\/div>\n\n<div class=\"gb-container gb-container-a8c4a354\"><div class=\"gb-inside-container\">\n<div class=\"gb-container gb-container-b222c7fa inline-block gb-container-smr-box-with-icon\"><div class=\"gb-inside-container\">\n\n<p class=\"gb-headline gb-headline-910404c8\"><span class=\"gb-icon\"><svg aria-hidden=\"true\" role=\"img\" height=\"1em\" width=\"1em\" viewBox=\"0 0 512 512\" xmlns=\"http:\/\/www.w3.org\/2000\/svg\"><path fill=\"currentColor\" d=\"M478.21 334.093L336 256l142.21-78.093c11.795-6.477 15.961-21.384 9.232-33.037l-19.48-33.741c-6.728-11.653-21.72-15.499-33.227-8.523L296 186.718l3.475-162.204C299.763 11.061 288.937 0 275.48 0h-38.96c-13.456 0-24.283 11.061-23.994 24.514L216 186.718 77.265 102.607c-11.506-6.976-26.499-3.13-33.227 8.523l-19.48 33.741c-6.728 11.653-2.562 26.56 9.233 33.037L176 256 33.79 334.093c-11.795 6.477-15.961 21.384-9.232 33.037l19.48 33.741c6.728 11.653 21.721 15.499 33.227 8.523L216 325.282l-3.475 162.204C212.237 500.939 223.064 512 236.52 512h38.961c13.456 0 24.283-11.061 23.995-24.514L296 325.282l138.735 84.111c11.506 6.976 26.499 3.13 33.227-8.523l19.48-33.741c6.728-11.653 2.563-26.559-9.232-33.036z\"><\/path><\/svg><\/span><span class=\"gb-headline-text\"><strong>Heads up! <\/strong>This download is for <a href=\"https:\/\/www.smartrace.de\/en\/connect\/\">SmartRace Connect<\/a>. If you&#8217;re looking to download the main SmartRace app, check <a href=\"https:\/\/www.smartrace.de\/en\/download\/\">here<\/a>.<\/span><\/p>\n\n<\/div><\/div>\n<\/div><\/div>\n<\/div><\/div>","protected":false},"excerpt":{"rendered":"<p>Download SmartRace Connect SmartRace jetzt f\u00fcr iOS, macOS oder Android herunterladen. Heads up! This download is for SmartRace Connect. If you&#8217;re looking to download the main SmartRace app, check here.<\/p>\n","protected":false},"author":1,"featured_media":0,"parent":3910,"menu_order":0,"comment_status":"closed","ping_status":"closed","template":"","meta":{"_acf_changed":false,"_uag_custom_page_level_css":"","footnotes":""},"class_list":{"0":"post-12475","1":"page","2":"type-page","3":"status-publish","5":"infinite-scroll-item"},"acf":[],"yoast_head":"<!-- This site is optimized with the Yoast SEO plugin v27.5 - https:\/\/yoast.com\/product\/yoast-seo-wordpress\/ -->\n<title>Download SmartRace Connect (EN) - SmartRace for Carrera Digital<\/title>\n<meta name=\"description\" content=\"Download SmartRace Connect SmartRace jetzt f\u00fcr iOS, macOS oder Android herunterladen. iOSAndroid SmartRace Connect for iOS is available in the App Store.\" \/>\n<meta name=\"robots\" content=\"index, follow, max-snippet:-1, max-image-preview:large, max-video-preview:-1\" \/>\n<link rel=\"canonical\" href=\"https:\/\/www.smartrace.de\/en\/connect\/download\/\" \/>\n<meta property=\"og:locale\" content=\"en_US\" \/>\n<meta property=\"og:type\" content=\"article\" \/>\n<meta property=\"og:title\" content=\"Rundenz\u00e4hlung per App f\u00fcr analoge Rennbahnen\" \/>\n<meta property=\"og:description\" content=\"z.B. f\u00fcr Carrera Evolution\/Exclusiv\/Go, Ninco, Scalextric und viele andere!\" \/>\n<meta property=\"og:url\" content=\"https:\/\/www.smartrace.de\/en\/connect\/download\/\" \/>\n<meta property=\"og:site_name\" content=\"SmartRace for Carrera Digital\" \/>\n<meta property=\"article:publisher\" content=\"http:\/\/facebook.com\/smartraceapp\" \/>\n<meta property=\"article:modified_time\" content=\"2021-10-18T13:01:25+00:00\" \/>\n<meta property=\"og:image\" content=\"https:\/\/www.smartrace.de\/wp-content\/uploads\/2021\/02\/Analog-Modus-DE-Facebook-e1621104307852.png\" \/>\n\t<meta property=\"og:image:width\" content=\"1080\" \/>\n\t<meta property=\"og:image:height\" content=\"783\" \/>\n\t<meta property=\"og:image:type\" content=\"image\/png\" \/>\n<meta name=\"twitter:card\" content=\"summary_large_image\" \/>\n<meta name=\"twitter:site\" content=\"@smartrace\" \/>\n<meta name=\"twitter:label1\" content=\"Est. reading time\" \/>\n\t<meta name=\"twitter:data1\" content=\"1 minute\" \/>\n<script type=\"application\/ld+json\" class=\"yoast-schema-graph\">{\"@context\":\"https:\\\/\\\/schema.org\",\"@graph\":[{\"@type\":\"WebPage\",\"@id\":\"https:\\\/\\\/www.smartrace.de\\\/en\\\/connect\\\/download\\\/\",\"url\":\"https:\\\/\\\/www.smartrace.de\\\/en\\\/connect\\\/download\\\/\",\"name\":\"Download SmartRace Connect (EN) - SmartRace for Carrera Digital\",\"isPartOf\":{\"@id\":\"https:\\\/\\\/www.smartrace.de\\\/#website\"},\"primaryImageOfPage\":{\"@id\":\"https:\\\/\\\/www.smartrace.de\\\/en\\\/connect\\\/download\\\/#primaryimage\"},\"image\":{\"@id\":\"https:\\\/\\\/www.smartrace.de\\\/en\\\/connect\\\/download\\\/#primaryimage\"},\"thumbnailUrl\":\"https:\\\/\\\/www.smartrace.de\\\/wp-content\\\/uploads\\\/2021\\\/08\\\/icon-app-store.png\",\"datePublished\":\"2021-10-18T13:01:23+00:00\",\"dateModified\":\"2021-10-18T13:01:25+00:00\",\"description\":\"Download SmartRace Connect SmartRace jetzt f\u00fcr iOS, macOS oder Android herunterladen. iOSAndroid SmartRace Connect for iOS is available in the App Store.\",\"breadcrumb\":{\"@id\":\"https:\\\/\\\/www.smartrace.de\\\/en\\\/connect\\\/download\\\/#breadcrumb\"},\"inLanguage\":\"en-US\",\"potentialAction\":[{\"@type\":\"ReadAction\",\"target\":[\"https:\\\/\\\/www.smartrace.de\\\/en\\\/connect\\\/download\\\/\"]}]},{\"@type\":\"ImageObject\",\"inLanguage\":\"en-US\",\"@id\":\"https:\\\/\\\/www.smartrace.de\\\/en\\\/connect\\\/download\\\/#primaryimage\",\"url\":\"https:\\\/\\\/www.smartrace.de\\\/wp-content\\\/uploads\\\/2021\\\/08\\\/icon-app-store.png\",\"contentUrl\":\"https:\\\/\\\/www.smartrace.de\\\/wp-content\\\/uploads\\\/2021\\\/08\\\/icon-app-store.png\"},{\"@type\":\"BreadcrumbList\",\"@id\":\"https:\\\/\\\/www.smartrace.de\\\/en\\\/connect\\\/download\\\/#breadcrumb\",\"itemListElement\":[{\"@type\":\"ListItem\",\"position\":1,\"name\":\"Home\",\"item\":\"https:\\\/\\\/www.smartrace.de\\\/en\\\/\"},{\"@type\":\"ListItem\",\"position\":2,\"name\":\"SmartRace Connect\",\"item\":\"https:\\\/\\\/www.smartrace.de\\\/en\\\/connect\\\/\"},{\"@type\":\"ListItem\",\"position\":3,\"name\":\"Download SmartRace Connect (EN)\"}]},{\"@type\":\"WebSite\",\"@id\":\"https:\\\/\\\/www.smartrace.de\\\/#website\",\"url\":\"https:\\\/\\\/www.smartrace.de\\\/\",\"name\":\"SmartRace for Carrera Digital\",\"description\":\"The Nr. 1-App for carrera digital slot racing\",\"publisher\":{\"@id\":\"https:\\\/\\\/www.smartrace.de\\\/#organization\"},\"potentialAction\":[{\"@type\":\"SearchAction\",\"target\":{\"@type\":\"EntryPoint\",\"urlTemplate\":\"https:\\\/\\\/www.smartrace.de\\\/?s={search_term_string}\"},\"query-input\":{\"@type\":\"PropertyValueSpecification\",\"valueRequired\":true,\"valueName\":\"search_term_string\"}}],\"inLanguage\":\"en-US\"},{\"@type\":\"Organization\",\"@id\":\"https:\\\/\\\/www.smartrace.de\\\/#organization\",\"name\":\"SmartRace f\u00fcr Carrera Digital\",\"url\":\"https:\\\/\\\/www.smartrace.de\\\/\",\"logo\":{\"@type\":\"ImageObject\",\"inLanguage\":\"en-US\",\"@id\":\"https:\\\/\\\/www.smartrace.de\\\/#\\\/schema\\\/logo\\\/image\\\/\",\"url\":\"https:\\\/\\\/www.smartrace.de\\\/wp-content\\\/uploads\\\/2018\\\/01\\\/Heller-Hintergrund-1.png\",\"contentUrl\":\"https:\\\/\\\/www.smartrace.de\\\/wp-content\\\/uploads\\\/2018\\\/01\\\/Heller-Hintergrund-1.png\",\"width\":1233,\"height\":1266,\"caption\":\"SmartRace f\u00fcr Carrera Digital\"},\"image\":{\"@id\":\"https:\\\/\\\/www.smartrace.de\\\/#\\\/schema\\\/logo\\\/image\\\/\"},\"sameAs\":[\"http:\\\/\\\/facebook.com\\\/smartraceapp\",\"https:\\\/\\\/x.com\\\/smartrace\",\"https:\\\/\\\/www.youtube.com\\\/channel\\\/UChWBm_cFDXFe8Id2966bdMA\"]}]}<\/script>\n<!-- \/ Yoast SEO plugin. -->","yoast_head_json":{"title":"Download SmartRace Connect (EN) - SmartRace for Carrera Digital","description":"Download SmartRace Connect SmartRace jetzt f\u00fcr iOS, macOS oder Android herunterladen. iOSAndroid SmartRace Connect for iOS is available in the App Store.","robots":{"index":"index","follow":"follow","max-snippet":"max-snippet:-1","max-image-preview":"max-image-preview:large","max-video-preview":"max-video-preview:-1"},"canonical":"https:\/\/www.smartrace.de\/en\/connect\/download\/","og_locale":"en_US","og_type":"article","og_title":"Rundenz\u00e4hlung per App f\u00fcr analoge Rennbahnen","og_description":"z.B. f\u00fcr Carrera Evolution\/Exclusiv\/Go, Ninco, Scalextric und viele andere!","og_url":"https:\/\/www.smartrace.de\/en\/connect\/download\/","og_site_name":"SmartRace for Carrera Digital","article_publisher":"http:\/\/facebook.com\/smartraceapp","article_modified_time":"2021-10-18T13:01:25+00:00","og_image":[{"width":1080,"height":783,"url":"https:\/\/www.smartrace.de\/wp-content\/uploads\/2021\/02\/Analog-Modus-DE-Facebook-e1621104307852.png","type":"image\/png"}],"twitter_card":"summary_large_image","twitter_site":"@smartrace","twitter_misc":{"Est. reading time":"1 minute"},"schema":{"@context":"https:\/\/schema.org","@graph":[{"@type":"WebPage","@id":"https:\/\/www.smartrace.de\/en\/connect\/download\/","url":"https:\/\/www.smartrace.de\/en\/connect\/download\/","name":"Download SmartRace Connect (EN) - SmartRace for Carrera Digital","isPartOf":{"@id":"https:\/\/www.smartrace.de\/#website"},"primaryImageOfPage":{"@id":"https:\/\/www.smartrace.de\/en\/connect\/download\/#primaryimage"},"image":{"@id":"https:\/\/www.smartrace.de\/en\/connect\/download\/#primaryimage"},"thumbnailUrl":"https:\/\/www.smartrace.de\/wp-content\/uploads\/2021\/08\/icon-app-store.png","datePublished":"2021-10-18T13:01:23+00:00","dateModified":"2021-10-18T13:01:25+00:00","description":"Download SmartRace Connect SmartRace jetzt f\u00fcr iOS, macOS oder Android herunterladen. iOSAndroid SmartRace Connect for iOS is available in the App Store.","breadcrumb":{"@id":"https:\/\/www.smartrace.de\/en\/connect\/download\/#breadcrumb"},"inLanguage":"en-US","potentialAction":[{"@type":"ReadAction","target":["https:\/\/www.smartrace.de\/en\/connect\/download\/"]}]},{"@type":"ImageObject","inLanguage":"en-US","@id":"https:\/\/www.smartrace.de\/en\/connect\/download\/#primaryimage","url":"https:\/\/www.smartrace.de\/wp-content\/uploads\/2021\/08\/icon-app-store.png","contentUrl":"https:\/\/www.smartrace.de\/wp-content\/uploads\/2021\/08\/icon-app-store.png"},{"@type":"BreadcrumbList","@id":"https:\/\/www.smartrace.de\/en\/connect\/download\/#breadcrumb","itemListElement":[{"@type":"ListItem","position":1,"name":"Home","item":"https:\/\/www.smartrace.de\/en\/"},{"@type":"ListItem","position":2,"name":"SmartRace Connect","item":"https:\/\/www.smartrace.de\/en\/connect\/"},{"@type":"ListItem","position":3,"name":"Download SmartRace Connect (EN)"}]},{"@type":"WebSite","@id":"https:\/\/www.smartrace.de\/#website","url":"https:\/\/www.smartrace.de\/","name":"SmartRace for Carrera Digital","description":"The Nr. 1-App for carrera digital slot racing","publisher":{"@id":"https:\/\/www.smartrace.de\/#organization"},"potentialAction":[{"@type":"SearchAction","target":{"@type":"EntryPoint","urlTemplate":"https:\/\/www.smartrace.de\/?s={search_term_string}"},"query-input":{"@type":"PropertyValueSpecification","valueRequired":true,"valueName":"search_term_string"}}],"inLanguage":"en-US"},{"@type":"Organization","@id":"https:\/\/www.smartrace.de\/#organization","name":"SmartRace f\u00fcr Carrera Digital","url":"https:\/\/www.smartrace.de\/","logo":{"@type":"ImageObject","inLanguage":"en-US","@id":"https:\/\/www.smartrace.de\/#\/schema\/logo\/image\/","url":"https:\/\/www.smartrace.de\/wp-content\/uploads\/2018\/01\/Heller-Hintergrund-1.png","contentUrl":"https:\/\/www.smartrace.de\/wp-content\/uploads\/2018\/01\/Heller-Hintergrund-1.png","width":1233,"height":1266,"caption":"SmartRace f\u00fcr Carrera Digital"},"image":{"@id":"https:\/\/www.smartrace.de\/#\/schema\/logo\/image\/"},"sameAs":["http:\/\/facebook.com\/smartraceapp","https:\/\/x.com\/smartrace","https:\/\/www.youtube.com\/channel\/UChWBm_cFDXFe8Id2966bdMA"]}]}},"uagb_featured_image_src":{"full":false,"thumbnail":false,"medium":false,"medium_large":false,"large":false,"1536x1536":false,"2048x2048":false,"gform-image-choice-sm":false,"gform-image-choice-md":false,"gform-image-choice-lg":false},"uagb_author_info":{"display_name":"SmartRace","author_link":"https:\/\/www.smartrace.de\/en\/author\/trademarc_design\/"},"uagb_comment_info":0,"uagb_excerpt":"Download SmartRace Connect SmartRace jetzt f\u00fcr iOS, macOS oder Android herunterladen. Heads up! This download is for SmartRace Connect. If you&#8217;re looking to download the main SmartRace app, check here.","_links":{"self":[{"href":"https:\/\/www.smartrace.de\/en\/wp-json\/wp\/v2\/pages\/12475","targetHints":{"allow":["GET"]}}],"collection":[{"href":"https:\/\/www.smartrace.de\/en\/wp-json\/wp\/v2\/pages"}],"about":[{"href":"https:\/\/www.smartrace.de\/en\/wp-json\/wp\/v2\/types\/page"}],"author":[{"embeddable":true,"href":"https:\/\/www.smartrace.de\/en\/wp-json\/wp\/v2\/users\/1"}],"replies":[{"embeddable":true,"href":"https:\/\/www.smartrace.de\/en\/wp-json\/wp\/v2\/comments?post=12475"}],"version-history":[{"count":2,"href":"https:\/\/www.smartrace.de\/en\/wp-json\/wp\/v2\/pages\/12475\/revisions"}],"predecessor-version":[{"id":12491,"href":"https:\/\/www.smartrace.de\/en\/wp-json\/wp\/v2\/pages\/12475\/revisions\/12491"}],"up":[{"embeddable":true,"href":"https:\/\/www.smartrace.de\/en\/wp-json\/wp\/v2\/pages\/3910"}],"wp:attachment":[{"href":"https:\/\/www.smartrace.de\/en\/wp-json\/wp\/v2\/media?parent=12475"}],"curies":[{"name":"wp","href":"https:\/\/api.w.org\/{rel}","templated":true}]}}